{"id":123,"date":"2026-02-02T23:54:04","date_gmt":"2026-02-02T23:54:04","guid":{"rendered":"https:\/\/joyasnicols.com\/?post_type=product&#038;p=123"},"modified":"2026-02-02T23:54:04","modified_gmt":"2026-02-02T23:54:04","slug":"cadena-dama","status":"publish","type":"product","link":"https:\/\/joyasnicols.com\/index.php\/producto\/cadena-dama\/","title":{"rendered":"Cadena Dama"},"content":{"rendered":"<p>Cadena femenina en plata ley 925 con dise\u00f1o delicado y acabado brillante, disponible tambi\u00e9n con ba\u00f1o de oro para un toque c\u00e1lido y elegante.<\/p>\n","protected":false},"excerpt":{"rendered":"<p>La garantia cubre solamente el producto de referencia, la garantia cubre efectos de fabricacion, la garantia es personal e intransferible, la garantia no cubre usos indebidos del producto tales como ba\u00f1o en agua salada, rayones, golpes, deformaciones por caidas, rupturas y da\u00f1os causados por accidentes. Recuerda que las joyas en plata siempre Requieren Limpieza<\/p>\n","protected":false},"featured_media":0,"comment_status":"open","ping_status":"closed","template":"","meta":[],"product_brand":[],"product_cat":[18,39],"product_tag":[],"class_list":{"0":"post-123","1":"product","2":"type-product","3":"status-publish","5":"product_cat-cadenas","6":"product_cat-cadenas-dama","8":"first","9":"instock","10":"shipping-taxable","11":"product-type-simple"},"_links":{"self":[{"href":"https:\/\/joyasnicols.com\/index.php\/wp-json\/wp\/v2\/product\/123","targetHints":{"allow":["GET"]}}],"collection":[{"href":"https:\/\/joyasnicols.com\/index.php\/wp-json\/wp\/v2\/product"}],"about":[{"href":"https:\/\/joyasnicols.com\/index.php\/wp-json\/wp\/v2\/types\/product"}],"replies":[{"embeddable":true,"href":"https:\/\/joyasnicols.com\/index.php\/wp-json\/wp\/v2\/comments?post=123"}],"wp:attachment":[{"href":"https:\/\/joyasnicols.com\/index.php\/wp-json\/wp\/v2\/media?parent=123"}],"wp:term":[{"taxonomy":"product_brand","embeddable":true,"href":"https:\/\/joyasnicols.com\/index.php\/wp-json\/wp\/v2\/product_brand?post=123"},{"taxonomy":"product_cat","embeddable":true,"href":"https:\/\/joyasnicols.com\/index.php\/wp-json\/wp\/v2\/product_cat?post=123"},{"taxonomy":"product_tag","embeddable":true,"href":"https:\/\/joyasnicols.com\/index.php\/wp-json\/wp\/v2\/product_tag?post=123"}],"curies":[{"name":"wp","href":"https:\/\/api.w.org\/{rel}","templated":true}]}}