{"id":107,"date":"2026-02-02T23:20:29","date_gmt":"2026-02-02T23:20:29","guid":{"rendered":"https:\/\/joyasnicols.com\/?post_type=product&#038;p=107"},"modified":"2026-02-02T23:20:29","modified_gmt":"2026-02-02T23:20:29","slug":"cadena-hombre-oro-18k","status":"publish","type":"product","link":"https:\/\/joyasnicols.com\/index.php\/producto\/cadena-hombre-oro-18k\/","title":{"rendered":"Cadena Hombre Oro 18k"},"content":{"rendered":"<p>Cadena robusta en oro 18K ley 750 ideal para hombres que buscan estilo y calidad.<\/p>\n","protected":false},"excerpt":{"rendered":"<p>Nuestras joyas est\u00e1n elaboradas en oro s\u00f3lido de 18 quilates ley 750, garantizando su pureza y durabilidad. Ofrecemos garant\u00eda de por vida sobre la autenticidad del oro 18K y una garant\u00eda limitada que cubre defectos de fabricaci\u00f3n en soldaduras, cierres y engastes, excluyendo da\u00f1os por uso indebido, golpes, qu\u00edmicos o desgaste natural. Para mantener tu joya en perfecto estado recomendamos seguir nuestras indicaciones de cuidado y contamos con asistencia para cualquier consulta o servicio de mantenimiento.<\/p>\n","protected":false},"featured_media":0,"comment_status":"open","ping_status":"closed","template":"","meta":[],"product_brand":[],"product_cat":[18,40],"product_tag":[],"class_list":{"0":"post-107","1":"product","2":"type-product","3":"status-publish","5":"product_cat-cadenas","6":"product_cat-cadenas-hombre","8":"first","9":"instock","10":"shipping-taxable","11":"product-type-simple"},"_links":{"self":[{"href":"https:\/\/joyasnicols.com\/index.php\/wp-json\/wp\/v2\/product\/107","targetHints":{"allow":["GET"]}}],"collection":[{"href":"https:\/\/joyasnicols.com\/index.php\/wp-json\/wp\/v2\/product"}],"about":[{"href":"https:\/\/joyasnicols.com\/index.php\/wp-json\/wp\/v2\/types\/product"}],"replies":[{"embeddable":true,"href":"https:\/\/joyasnicols.com\/index.php\/wp-json\/wp\/v2\/comments?post=107"}],"wp:attachment":[{"href":"https:\/\/joyasnicols.com\/index.php\/wp-json\/wp\/v2\/media?parent=107"}],"wp:term":[{"taxonomy":"product_brand","embeddable":true,"href":"https:\/\/joyasnicols.com\/index.php\/wp-json\/wp\/v2\/product_brand?post=107"},{"taxonomy":"product_cat","embeddable":true,"href":"https:\/\/joyasnicols.com\/index.php\/wp-json\/wp\/v2\/product_cat?post=107"},{"taxonomy":"product_tag","embeddable":true,"href":"https:\/\/joyasnicols.com\/index.php\/wp-json\/wp\/v2\/product_tag?post=107"}],"curies":[{"name":"wp","href":"https:\/\/api.w.org\/{rel}","templated":true}]}}